{"id":12,"date":"2025-03-21T14:50:59","date_gmt":"2025-03-21T14:50:59","guid":{"rendered":"https:\/\/sergipebahia.com.br\/wordpress\/?page_id=12"},"modified":"2026-03-26T15:43:45","modified_gmt":"2026-03-26T18:43:45","slug":"inscricoes","status":"publish","type":"page","link":"https:\/\/sergipebahia.com.br\/wordpress\/index.php\/inscricoes\/","title":{"rendered":"Inscri\u00e7\u00f5es"},"content":{"rendered":"\n<div class=\"wp-block-media-text is-stacked-on-mobile\"><figure class=\"wp-block-media-text__media\"><a href=\"https:\/\/www.e-inscricao.com\/barlavento-solutions\/reseba-veleiro\"><img loading=\"lazy\" decoding=\"async\" width=\"514\" height=\"343\" src=\"https:\/\/sergipebahia.com.br\/wordpress\/wp-content\/uploads\/2026\/03\/54899209028_6b65b6e8fa_c-edited.jpg\" alt=\"\" class=\"wp-image-421 size-full\" srcset=\"https:\/\/sergipebahia.com.br\/wordpress\/wp-content\/uploads\/2026\/03\/54899209028_6b65b6e8fa_c-edited.jpg 514w, https:\/\/sergipebahia.com.br\/wordpress\/wp-content\/uploads\/2026\/03\/54899209028_6b65b6e8fa_c-edited-300x200.jpg 300w\" sizes=\"auto, (max-width: 514px) 100vw, 514px\" \/><\/a><\/figure><div class=\"wp-block-media-text__content\">\n<p><strong>INSCRI\u00c7\u00c3O DA EMBARCA\u00c7\u00c3O E COMANDANTE<\/strong><\/p>\n\n\n\n<p class=\"has-small-font-size\">Clique no link abaixo, inscreva seu veleiro e inclua informa\u00e7\u00f5es sobre o comandante.<\/p>\n\n\n\n<div class=\"wp-block-buttons is-layout-flex wp-block-buttons-is-layout-flex\">\n<div class=\"wp-block-button\"><a class=\"wp-block-button__link has-background wp-element-button\" href=\"https:\/\/www.e-inscricao.com\/barlavento-solutions\/reseba-veleiro\" style=\"background-color:#4d9c89\">INSCRI\u00c7\u00c3O BARCO<\/a><\/div>\n<\/div>\n<\/div><\/div>\n\n\n\n<div class=\"wp-block-media-text has-media-on-the-right is-stacked-on-mobile\"><div class=\"wp-block-media-text__content\">\n<p><strong>INSCRI\u00c7\u00c3O TRIPULA\u00c7\u00c3O<\/strong><\/p>\n\n\n\n<p class=\"has-small-font-size\">Verifique com seu comandante se o veleiro j\u00e1 est\u00e1 inscrito, e clique no bot\u00e3o abaixo para realizar sua inscri\u00e7\u00e3o como tripulante.<\/p>\n\n\n\n<div class=\"wp-block-buttons is-layout-flex wp-block-buttons-is-layout-flex\">\n<div class=\"wp-block-button\"><a class=\"wp-block-button__link has-background wp-element-button\" href=\"https:\/\/www.e-inscricao.com\/barlavento-solutions\/reseba-tripulante\" style=\"background-color:#4d9c89\">INSCRI\u00c7\u00c3O TRIPULANTE<\/a><\/div>\n<\/div>\n<\/div><figure class=\"wp-block-media-text__media\"><a href=\"https:\/\/www.e-inscricao.com\/barlavento-solutions\/reseba-tripulante\"><img loading=\"lazy\" decoding=\"async\" width=\"799\" height=\"533\" src=\"https:\/\/sergipebahia.com.br\/wordpress\/wp-content\/uploads\/2025\/11\/54898107022_db67fb0e27_c.jpg\" alt=\"\" class=\"wp-image-404 size-full\" srcset=\"https:\/\/sergipebahia.com.br\/wordpress\/wp-content\/uploads\/2025\/11\/54898107022_db67fb0e27_c.jpg 799w, https:\/\/sergipebahia.com.br\/wordpress\/wp-content\/uploads\/2025\/11\/54898107022_db67fb0e27_c-300x200.jpg 300w, https:\/\/sergipebahia.com.br\/wordpress\/wp-content\/uploads\/2025\/11\/54898107022_db67fb0e27_c-768x512.jpg 768w\" sizes=\"auto, (max-width: 799px) 100vw, 799px\" \/><\/a><\/figure><\/div>\n\n\n\n<hr class=\"wp-block-separator has-alpha-channel-opacity\"\/>\n\n\n\n<p class=\"has-text-align-center\"><strong>ALGUNS DESTAQUES SOBRE AS INSCRI\u00c7\u00d5ES<\/strong><\/p>\n\n\n\n<p class=\"has-background has-small-font-size\" style=\"background-color:#cde6e3\">As inscri\u00e7\u00f5es ser\u00e3o abertas no dia 31 de mar\u00e7o de 2026, ter\u00e7a-feira, e dever\u00e3o ser realizadas online atrav\u00e9s dos links acima, distinguindo inscri\u00e7\u00e3o da embarca\u00e7\u00e3o\/comandante e da tripula\u00e7\u00e3o.<\/p>\n\n\n\n<ol style=\"list-style-type:lower-alpha\" class=\"wp-block-list\">\n<li class=\"has-small-font-size\">O comandante deve conferir o <strong><a href=\"https:\/\/drive.google.com\/file\/d\/1arXihxWReTcygwXb4ekKS3HUd_HH7twP\/view?usp=drive_link\">AR &#8211; Aviso de Regata<\/a><\/strong> antes do preenchimento do formul\u00e1rio de inscri\u00e7\u00e3o da embarca\u00e7\u00e3o.<\/li>\n\n\n\n<li class=\"has-small-font-size\">A inscri\u00e7\u00e3o da embarca\u00e7\u00e3o e do comandante deve ser realizada antes dos tripulantes.<\/li>\n\n\n\n<li class=\"has-small-font-size\">Ao concluir a inscri\u00e7\u00e3o da embarca\u00e7\u00e3o, o comandante precisa realizar o pagamento de somente uma taxa de inscri\u00e7\u00e3o, que corresponde ao seu veleiro.<\/li>\n\n\n\n<li class=\"has-small-font-size\">As inscri\u00e7\u00f5es de tripulantes devem informar qual a sua embarca\u00e7\u00e3o, considerando que o formul\u00e1rio j\u00e1 contemplar\u00e1 a rela\u00e7\u00e3o de veleiros inscritos.<\/li>\n\n\n\n<li class=\"has-small-font-size\">Cada tripulante deve realizar sua inscri\u00e7\u00e3o individualmente<\/li>\n<\/ol>\n\n\n\n<p class=\"has-background has-small-font-size\" style=\"background-color:#cde6e3\">Ser\u00e1 cobrada taxa de inscri\u00e7\u00e3o <strong>por pessoa\/tripulante<\/strong> de acordo com o per\u00edodo do pagamento:<br><strong>| At\u00e9 30\/04\/2026, R$280,00 por inscrito.<\/strong><br><strong>| De 01\/05 a 31\/05\/2026, R$300,00 por inscrito.<br>| De 01\/06 a 31\/07\/2026, R$380,00 por inscrito.<\/strong><br><strong>| De 01\/08 a 31\/08\/2026, R$400,00 por inscrito.<br>| De 01\/09 a 18\/10\/2026, R$480,00 por inscrito.<\/strong><\/p>\n\n\n\n<p class=\"has-background has-small-font-size\" style=\"background-color:#cde6e3\">O comandante da embarca\u00e7\u00e3o deve quitar o valor de 1 inscri\u00e7\u00e3o ao inscrever o veleiro. Pode antecipar o valor da sua tripula\u00e7\u00e3o completa ao realizar a inscri\u00e7\u00e3o, cadastrando os demais tripulantes no Formul\u00e1rio de Tripulantes. Caso o comandante n\u00e3o possua os dados da tripula\u00e7\u00e3o, pode realizar a inscri\u00e7\u00e3o no Formul\u00e1rio de Tripulantes utilizando seus dados pessoais, e atualizar os nomes e demais informa\u00e7\u00f5es junto \u00e0 organiza\u00e7\u00e3o.<\/p>\n\n\n\n<p class=\"has-background has-small-font-size\" style=\"background-color:#cde6e3\">O cancelamento da inscri\u00e7\u00e3o ser\u00e1 reembols\u00e1vel somente se realizado formalmente \u00e0 organiza\u00e7\u00e3o at\u00e9 dia 16 de agosto de 2026. <strong>A partir desta data, o valor pago n\u00e3o ser\u00e1 reembolsado.<\/strong><\/p>\n\n\n\n<p class=\"has-small-font-size\">Todas as embarca\u00e7\u00f5es inscritas na regata poder\u00e3o ser vistoriadas pela autoridade mar\u00edtima local \u2013 Capitania dos Portos de Sergipe, durante o per\u00edodo que antecede a regata.<\/p>\n\n\n\n<figure class=\"wp-block-image size-large\"><img loading=\"lazy\" decoding=\"async\" width=\"1024\" height=\"177\" src=\"https:\/\/sergipebahia.com.br\/wordpress\/wp-content\/uploads\/2025\/06\/bannerpatrocinios-marcas-offshore-1-1024x177.jpg\" alt=\"\" class=\"wp-image-294\" srcset=\"https:\/\/sergipebahia.com.br\/wordpress\/wp-content\/uploads\/2025\/06\/bannerpatrocinios-marcas-offshore-1-1024x177.jpg 1024w, https:\/\/sergipebahia.com.br\/wordpress\/wp-content\/uploads\/2025\/06\/bannerpatrocinios-marcas-offshore-1-300x52.jpg 300w, https:\/\/sergipebahia.com.br\/wordpress\/wp-content\/uploads\/2025\/06\/bannerpatrocinios-marcas-offshore-1-768x133.jpg 768w, https:\/\/sergipebahia.com.br\/wordpress\/wp-content\/uploads\/2025\/06\/bannerpatrocinios-marcas-offshore-1-1536x266.jpg 1536w, https:\/\/sergipebahia.com.br\/wordpress\/wp-content\/uploads\/2025\/06\/bannerpatrocinios-marcas-offshore-1.jpg 1932w\" sizes=\"auto, (max-width: 1024px) 100vw, 1024px\" \/><\/figure>\n\n\n\n<figure class=\"wp-block-image aligncenter size-large is-resized\"><img loading=\"lazy\" decoding=\"async\" width=\"1024\" height=\"285\" src=\"https:\/\/sergipebahia.com.br\/wordpress\/wp-content\/uploads\/2025\/04\/Marcas-ORGANIZACA-1024x285.jpg\" alt=\"\" class=\"wp-image-129\" style=\"aspect-ratio:3.5932264783120527;width:410px;height:auto\" srcset=\"https:\/\/sergipebahia.com.br\/wordpress\/wp-content\/uploads\/2025\/04\/Marcas-ORGANIZACA-1024x285.jpg 1024w, https:\/\/sergipebahia.com.br\/wordpress\/wp-content\/uploads\/2025\/04\/Marcas-ORGANIZACA-300x83.jpg 300w, https:\/\/sergipebahia.com.br\/wordpress\/wp-content\/uploads\/2025\/04\/Marcas-ORGANIZACA-768x213.jpg 768w, https:\/\/sergipebahia.com.br\/wordpress\/wp-content\/uploads\/2025\/04\/Marcas-ORGANIZACA-1536x427.jpg 1536w, https:\/\/sergipebahia.com.br\/wordpress\/wp-content\/uploads\/2025\/04\/Marcas-ORGANIZACA.jpg 1886w\" sizes=\"auto, (max-width: 1024px) 100vw, 1024px\" \/><\/figure>\n\n\n\n<p><\/p>\n","protected":false},"excerpt":{"rendered":"<p>ALGUNS DESTAQUES SOBRE AS INSCRI\u00c7\u00d5ES As inscri\u00e7\u00f5es ser\u00e3o abertas no dia 31 de mar\u00e7o de 2026, ter\u00e7a-feira, e dever\u00e3o ser realizadas online atrav\u00e9s dos links acima, distinguindo inscri\u00e7\u00e3o da embarca\u00e7\u00e3o\/comandante e da tripula\u00e7\u00e3o. Ser\u00e1 cobrada taxa de inscri\u00e7\u00e3o por pessoa\/tripulante de acordo com o per\u00edodo do pagamento:| At\u00e9 30\/04\/2026, R$280,00 por inscrito.| De 01\/05 a [&hellip;]<\/p>\n","protected":false},"author":1,"featured_media":0,"parent":0,"menu_order":1,"comment_status":"closed","ping_status":"closed","template":"","meta":{"footnotes":""},"class_list":["post-12","page","type-page","status-publish","hentry"],"_links":{"self":[{"href":"https:\/\/sergipebahia.com.br\/wordpress\/index.php\/wp-json\/wp\/v2\/pages\/12","targetHints":{"allow":["GET"]}}],"collection":[{"href":"https:\/\/sergipebahia.com.br\/wordpress\/index.php\/wp-json\/wp\/v2\/pages"}],"about":[{"href":"https:\/\/sergipebahia.com.br\/wordpress\/index.php\/wp-json\/wp\/v2\/types\/page"}],"author":[{"embeddable":true,"href":"https:\/\/sergipebahia.com.br\/wordpress\/index.php\/wp-json\/wp\/v2\/users\/1"}],"replies":[{"embeddable":true,"href":"https:\/\/sergipebahia.com.br\/wordpress\/index.php\/wp-json\/wp\/v2\/comments?post=12"}],"version-history":[{"count":10,"href":"https:\/\/sergipebahia.com.br\/wordpress\/index.php\/wp-json\/wp\/v2\/pages\/12\/revisions"}],"predecessor-version":[{"id":453,"href":"https:\/\/sergipebahia.com.br\/wordpress\/index.php\/wp-json\/wp\/v2\/pages\/12\/revisions\/453"}],"wp:attachment":[{"href":"https:\/\/sergipebahia.com.br\/wordpress\/index.php\/wp-json\/wp\/v2\/media?parent=12"}],"curies":[{"name":"wp","href":"https:\/\/api.w.org\/{rel}","templated":true}]}}