{"id":16,"date":"2025-03-21T14:51:31","date_gmt":"2025-03-21T14:51:31","guid":{"rendered":"https:\/\/sergipebahia.com.br\/wordpress\/?page_id=16"},"modified":"2025-11-05T14:09:21","modified_gmt":"2025-11-05T17:09:21","slug":"resultados","status":"publish","type":"page","link":"https:\/\/sergipebahia.com.br\/wordpress\/index.php\/resultados\/","title":{"rendered":"Resultados de 2025"},"content":{"rendered":"\n<p class=\"has-small-font-size\">Ordem geral de chegada e resultado por classe na edi\u00e7\u00e3o de 2025 da RESEBA.<\/p>\n\n\n\n<figure class=\"wp-block-gallery has-nested-images columns-default is-cropped wp-block-gallery-1 is-layout-flex wp-block-gallery-is-layout-flex\">\n<figure data-wp-context=\"{&quot;imageId&quot;:&quot;69de4362f0b53&quot;}\" data-wp-interactive=\"core\/image\" data-wp-key=\"69de4362f0b53\" class=\"wp-block-image size-large wp-lightbox-container\"><img loading=\"lazy\" decoding=\"async\" width=\"900\" height=\"1024\" data-wp-class--hide=\"state.isContentHidden\" data-wp-class--show=\"state.isContentVisible\" data-wp-init=\"callbacks.setButtonStyles\" data-wp-on--click=\"actions.showLightbox\" data-wp-on--load=\"callbacks.setButtonStyles\" data-wp-on-window--resize=\"callbacks.setButtonStyles\" data-id=\"384\" src=\"https:\/\/sergipebahia.com.br\/wordpress\/wp-content\/uploads\/2025\/11\/WhatsApp-Image-2025-11-02-at-08.32.35-900x1024.jpeg\" alt=\"\" class=\"wp-image-384\" srcset=\"https:\/\/sergipebahia.com.br\/wordpress\/wp-content\/uploads\/2025\/11\/WhatsApp-Image-2025-11-02-at-08.32.35-900x1024.jpeg 900w, https:\/\/sergipebahia.com.br\/wordpress\/wp-content\/uploads\/2025\/11\/WhatsApp-Image-2025-11-02-at-08.32.35-264x300.jpeg 264w, https:\/\/sergipebahia.com.br\/wordpress\/wp-content\/uploads\/2025\/11\/WhatsApp-Image-2025-11-02-at-08.32.35-768x874.jpeg 768w, https:\/\/sergipebahia.com.br\/wordpress\/wp-content\/uploads\/2025\/11\/WhatsApp-Image-2025-11-02-at-08.32.35.jpeg 989w\" sizes=\"auto, (max-width: 900px) 100vw, 900px\" \/><button\n\t\t\tclass=\"lightbox-trigger\"\n\t\t\ttype=\"button\"\n\t\t\taria-haspopup=\"dialog\"\n\t\t\taria-label=\"Enlarge\"\n\t\t\tdata-wp-init=\"callbacks.initTriggerButton\"\n\t\t\tdata-wp-on--click=\"actions.showLightbox\"\n\t\t\tdata-wp-style--right=\"state.imageButtonRight\"\n\t\t\tdata-wp-style--top=\"state.imageButtonTop\"\n\t\t>\n\t\t\t<svg xmlns=\"http:\/\/www.w3.org\/2000\/svg\" width=\"12\" height=\"12\" fill=\"none\" viewBox=\"0 0 12 12\">\n\t\t\t\t<path fill=\"#fff\" d=\"M2 0a2 2 0 0 0-2 2v2h1.5V2a.5.5 0 0 1 .5-.5h2V0H2Zm2 10.5H2a.5.5 0 0 1-.5-.5V8H0v2a2 2 0 0 0 2 2h2v-1.5ZM8 12v-1.5h2a.5.5 0 0 0 .5-.5V8H12v2a2 2 0 0 1-2 2H8Zm2-12a2 2 0 0 1 2 2v2h-1.5V2a.5.5 0 0 0-.5-.5H8V0h2Z\" \/>\n\t\t\t<\/svg>\n\t\t<\/button><\/figure>\n\n\n\n<figure data-wp-context=\"{&quot;imageId&quot;:&quot;69de4362f193b&quot;}\" data-wp-interactive=\"core\/image\" data-wp-key=\"69de4362f193b\" class=\"wp-block-image size-large wp-lightbox-container\"><img loading=\"lazy\" decoding=\"async\" width=\"892\" height=\"1024\" data-wp-class--hide=\"state.isContentHidden\" data-wp-class--show=\"state.isContentVisible\" data-wp-init=\"callbacks.setButtonStyles\" data-wp-on--click=\"actions.showLightbox\" data-wp-on--load=\"callbacks.setButtonStyles\" data-wp-on-window--resize=\"callbacks.setButtonStyles\" data-id=\"388\" src=\"https:\/\/sergipebahia.com.br\/wordpress\/wp-content\/uploads\/2025\/11\/WhatsApp-Image-2025-11-02-at-07.59.38-892x1024.jpeg\" alt=\"\" class=\"wp-image-388\" srcset=\"https:\/\/sergipebahia.com.br\/wordpress\/wp-content\/uploads\/2025\/11\/WhatsApp-Image-2025-11-02-at-07.59.38-892x1024.jpeg 892w, https:\/\/sergipebahia.com.br\/wordpress\/wp-content\/uploads\/2025\/11\/WhatsApp-Image-2025-11-02-at-07.59.38-261x300.jpeg 261w, https:\/\/sergipebahia.com.br\/wordpress\/wp-content\/uploads\/2025\/11\/WhatsApp-Image-2025-11-02-at-07.59.38-768x882.jpeg 768w, https:\/\/sergipebahia.com.br\/wordpress\/wp-content\/uploads\/2025\/11\/WhatsApp-Image-2025-11-02-at-07.59.38.jpeg 980w\" sizes=\"auto, (max-width: 892px) 100vw, 892px\" \/><button\n\t\t\tclass=\"lightbox-trigger\"\n\t\t\ttype=\"button\"\n\t\t\taria-haspopup=\"dialog\"\n\t\t\taria-label=\"Enlarge\"\n\t\t\tdata-wp-init=\"callbacks.initTriggerButton\"\n\t\t\tdata-wp-on--click=\"actions.showLightbox\"\n\t\t\tdata-wp-style--right=\"state.imageButtonRight\"\n\t\t\tdata-wp-style--top=\"state.imageButtonTop\"\n\t\t>\n\t\t\t<svg xmlns=\"http:\/\/www.w3.org\/2000\/svg\" width=\"12\" height=\"12\" fill=\"none\" viewBox=\"0 0 12 12\">\n\t\t\t\t<path fill=\"#fff\" d=\"M2 0a2 2 0 0 0-2 2v2h1.5V2a.5.5 0 0 1 .5-.5h2V0H2Zm2 10.5H2a.5.5 0 0 1-.5-.5V8H0v2a2 2 0 0 0 2 2h2v-1.5ZM8 12v-1.5h2a.5.5 0 0 0 .5-.5V8H12v2a2 2 0 0 1-2 2H8Zm2-12a2 2 0 0 1 2 2v2h-1.5V2a.5.5 0 0 0-.5-.5H8V0h2Z\" \/>\n\t\t\t<\/svg>\n\t\t<\/button><\/figure>\n\n\n\n<figure data-wp-context=\"{&quot;imageId&quot;:&quot;69de4362f1e29&quot;}\" data-wp-interactive=\"core\/image\" data-wp-key=\"69de4362f1e29\" class=\"wp-block-image size-large wp-lightbox-container\"><img loading=\"lazy\" decoding=\"async\" width=\"892\" height=\"1024\" data-wp-class--hide=\"state.isContentHidden\" data-wp-class--show=\"state.isContentVisible\" data-wp-init=\"callbacks.setButtonStyles\" data-wp-on--click=\"actions.showLightbox\" data-wp-on--load=\"callbacks.setButtonStyles\" data-wp-on-window--resize=\"callbacks.setButtonStyles\" data-id=\"387\" src=\"https:\/\/sergipebahia.com.br\/wordpress\/wp-content\/uploads\/2025\/11\/WhatsApp-Image-2025-11-02-at-08.00.01-892x1024.jpeg\" alt=\"\" class=\"wp-image-387\" srcset=\"https:\/\/sergipebahia.com.br\/wordpress\/wp-content\/uploads\/2025\/11\/WhatsApp-Image-2025-11-02-at-08.00.01-892x1024.jpeg 892w, https:\/\/sergipebahia.com.br\/wordpress\/wp-content\/uploads\/2025\/11\/WhatsApp-Image-2025-11-02-at-08.00.01-261x300.jpeg 261w, https:\/\/sergipebahia.com.br\/wordpress\/wp-content\/uploads\/2025\/11\/WhatsApp-Image-2025-11-02-at-08.00.01-768x882.jpeg 768w, https:\/\/sergipebahia.com.br\/wordpress\/wp-content\/uploads\/2025\/11\/WhatsApp-Image-2025-11-02-at-08.00.01.jpeg 980w\" sizes=\"auto, (max-width: 892px) 100vw, 892px\" \/><button\n\t\t\tclass=\"lightbox-trigger\"\n\t\t\ttype=\"button\"\n\t\t\taria-haspopup=\"dialog\"\n\t\t\taria-label=\"Enlarge\"\n\t\t\tdata-wp-init=\"callbacks.initTriggerButton\"\n\t\t\tdata-wp-on--click=\"actions.showLightbox\"\n\t\t\tdata-wp-style--right=\"state.imageButtonRight\"\n\t\t\tdata-wp-style--top=\"state.imageButtonTop\"\n\t\t>\n\t\t\t<svg xmlns=\"http:\/\/www.w3.org\/2000\/svg\" width=\"12\" height=\"12\" fill=\"none\" viewBox=\"0 0 12 12\">\n\t\t\t\t<path fill=\"#fff\" d=\"M2 0a2 2 0 0 0-2 2v2h1.5V2a.5.5 0 0 1 .5-.5h2V0H2Zm2 10.5H2a.5.5 0 0 1-.5-.5V8H0v2a2 2 0 0 0 2 2h2v-1.5ZM8 12v-1.5h2a.5.5 0 0 0 .5-.5V8H12v2a2 2 0 0 1-2 2H8Zm2-12a2 2 0 0 1 2 2v2h-1.5V2a.5.5 0 0 0-.5-.5H8V0h2Z\" \/>\n\t\t\t<\/svg>\n\t\t<\/button><\/figure>\n\n\n\n<figure data-wp-context=\"{&quot;imageId&quot;:&quot;69de4362f31af&quot;}\" data-wp-interactive=\"core\/image\" data-wp-key=\"69de4362f31af\" class=\"wp-block-image size-large wp-lightbox-container\"><img loading=\"lazy\" decoding=\"async\" width=\"905\" height=\"1024\" data-wp-class--hide=\"state.isContentHidden\" data-wp-class--show=\"state.isContentVisible\" data-wp-init=\"callbacks.setButtonStyles\" data-wp-on--click=\"actions.showLightbox\" data-wp-on--load=\"callbacks.setButtonStyles\" data-wp-on-window--resize=\"callbacks.setButtonStyles\" data-id=\"383\" src=\"https:\/\/sergipebahia.com.br\/wordpress\/wp-content\/uploads\/2025\/11\/WhatsApp-Image-2025-11-02-at-08.25.39-905x1024.jpeg\" alt=\"\" class=\"wp-image-383\" srcset=\"https:\/\/sergipebahia.com.br\/wordpress\/wp-content\/uploads\/2025\/11\/WhatsApp-Image-2025-11-02-at-08.25.39-905x1024.jpeg 905w, https:\/\/sergipebahia.com.br\/wordpress\/wp-content\/uploads\/2025\/11\/WhatsApp-Image-2025-11-02-at-08.25.39-265x300.jpeg 265w, https:\/\/sergipebahia.com.br\/wordpress\/wp-content\/uploads\/2025\/11\/WhatsApp-Image-2025-11-02-at-08.25.39-768x869.jpeg 768w, https:\/\/sergipebahia.com.br\/wordpress\/wp-content\/uploads\/2025\/11\/WhatsApp-Image-2025-11-02-at-08.25.39.jpeg 994w\" sizes=\"auto, (max-width: 905px) 100vw, 905px\" \/><button\n\t\t\tclass=\"lightbox-trigger\"\n\t\t\ttype=\"button\"\n\t\t\taria-haspopup=\"dialog\"\n\t\t\taria-label=\"Enlarge\"\n\t\t\tdata-wp-init=\"callbacks.initTriggerButton\"\n\t\t\tdata-wp-on--click=\"actions.showLightbox\"\n\t\t\tdata-wp-style--right=\"state.imageButtonRight\"\n\t\t\tdata-wp-style--top=\"state.imageButtonTop\"\n\t\t>\n\t\t\t<svg xmlns=\"http:\/\/www.w3.org\/2000\/svg\" width=\"12\" height=\"12\" fill=\"none\" viewBox=\"0 0 12 12\">\n\t\t\t\t<path fill=\"#fff\" d=\"M2 0a2 2 0 0 0-2 2v2h1.5V2a.5.5 0 0 1 .5-.5h2V0H2Zm2 10.5H2a.5.5 0 0 1-.5-.5V8H0v2a2 2 0 0 0 2 2h2v-1.5ZM8 12v-1.5h2a.5.5 0 0 0 .5-.5V8H12v2a2 2 0 0 1-2 2H8Zm2-12a2 2 0 0 1 2 2v2h-1.5V2a.5.5 0 0 0-.5-.5H8V0h2Z\" \/>\n\t\t\t<\/svg>\n\t\t<\/button><\/figure>\n\n\n\n<figure data-wp-context=\"{&quot;imageId&quot;:&quot;69de4362f36ea&quot;}\" data-wp-interactive=\"core\/image\" data-wp-key=\"69de4362f36ea\" class=\"wp-block-image size-large wp-lightbox-container\"><img loading=\"lazy\" decoding=\"async\" width=\"901\" height=\"1024\" data-wp-class--hide=\"state.isContentHidden\" data-wp-class--show=\"state.isContentVisible\" data-wp-init=\"callbacks.setButtonStyles\" data-wp-on--click=\"actions.showLightbox\" data-wp-on--load=\"callbacks.setButtonStyles\" data-wp-on-window--resize=\"callbacks.setButtonStyles\" data-id=\"386\" src=\"https:\/\/sergipebahia.com.br\/wordpress\/wp-content\/uploads\/2025\/11\/WhatsApp-Image-2025-11-02-at-08.21.34-901x1024.jpeg\" alt=\"\" class=\"wp-image-386\" srcset=\"https:\/\/sergipebahia.com.br\/wordpress\/wp-content\/uploads\/2025\/11\/WhatsApp-Image-2025-11-02-at-08.21.34-901x1024.jpeg 901w, https:\/\/sergipebahia.com.br\/wordpress\/wp-content\/uploads\/2025\/11\/WhatsApp-Image-2025-11-02-at-08.21.34-264x300.jpeg 264w, https:\/\/sergipebahia.com.br\/wordpress\/wp-content\/uploads\/2025\/11\/WhatsApp-Image-2025-11-02-at-08.21.34-768x873.jpeg 768w, https:\/\/sergipebahia.com.br\/wordpress\/wp-content\/uploads\/2025\/11\/WhatsApp-Image-2025-11-02-at-08.21.34.jpeg 990w\" sizes=\"auto, (max-width: 901px) 100vw, 901px\" \/><button\n\t\t\tclass=\"lightbox-trigger\"\n\t\t\ttype=\"button\"\n\t\t\taria-haspopup=\"dialog\"\n\t\t\taria-label=\"Enlarge\"\n\t\t\tdata-wp-init=\"callbacks.initTriggerButton\"\n\t\t\tdata-wp-on--click=\"actions.showLightbox\"\n\t\t\tdata-wp-style--right=\"state.imageButtonRight\"\n\t\t\tdata-wp-style--top=\"state.imageButtonTop\"\n\t\t>\n\t\t\t<svg xmlns=\"http:\/\/www.w3.org\/2000\/svg\" width=\"12\" height=\"12\" fill=\"none\" viewBox=\"0 0 12 12\">\n\t\t\t\t<path fill=\"#fff\" d=\"M2 0a2 2 0 0 0-2 2v2h1.5V2a.5.5 0 0 1 .5-.5h2V0H2Zm2 10.5H2a.5.5 0 0 1-.5-.5V8H0v2a2 2 0 0 0 2 2h2v-1.5ZM8 12v-1.5h2a.5.5 0 0 0 .5-.5V8H12v2a2 2 0 0 1-2 2H8Zm2-12a2 2 0 0 1 2 2v2h-1.5V2a.5.5 0 0 0-.5-.5H8V0h2Z\" \/>\n\t\t\t<\/svg>\n\t\t<\/button><\/figure>\n\n\n\n<figure data-wp-context=\"{&quot;imageId&quot;:&quot;69de4362f3cb2&quot;}\" data-wp-interactive=\"core\/image\" data-wp-key=\"69de4362f3cb2\" class=\"wp-block-image size-large wp-lightbox-container\"><img loading=\"lazy\" decoding=\"async\" width=\"902\" height=\"1024\" data-wp-class--hide=\"state.isContentHidden\" data-wp-class--show=\"state.isContentVisible\" data-wp-init=\"callbacks.setButtonStyles\" data-wp-on--click=\"actions.showLightbox\" data-wp-on--load=\"callbacks.setButtonStyles\" data-wp-on-window--resize=\"callbacks.setButtonStyles\" data-id=\"385\" src=\"https:\/\/sergipebahia.com.br\/wordpress\/wp-content\/uploads\/2025\/11\/WhatsApp-Image-2025-11-02-at-08.21.59-902x1024.jpeg\" alt=\"\" class=\"wp-image-385\" srcset=\"https:\/\/sergipebahia.com.br\/wordpress\/wp-content\/uploads\/2025\/11\/WhatsApp-Image-2025-11-02-at-08.21.59-902x1024.jpeg 902w, https:\/\/sergipebahia.com.br\/wordpress\/wp-content\/uploads\/2025\/11\/WhatsApp-Image-2025-11-02-at-08.21.59-264x300.jpeg 264w, https:\/\/sergipebahia.com.br\/wordpress\/wp-content\/uploads\/2025\/11\/WhatsApp-Image-2025-11-02-at-08.21.59-768x872.jpeg 768w, https:\/\/sergipebahia.com.br\/wordpress\/wp-content\/uploads\/2025\/11\/WhatsApp-Image-2025-11-02-at-08.21.59.jpeg 991w\" sizes=\"auto, (max-width: 902px) 100vw, 902px\" \/><button\n\t\t\tclass=\"lightbox-trigger\"\n\t\t\ttype=\"button\"\n\t\t\taria-haspopup=\"dialog\"\n\t\t\taria-label=\"Enlarge\"\n\t\t\tdata-wp-init=\"callbacks.initTriggerButton\"\n\t\t\tdata-wp-on--click=\"actions.showLightbox\"\n\t\t\tdata-wp-style--right=\"state.imageButtonRight\"\n\t\t\tdata-wp-style--top=\"state.imageButtonTop\"\n\t\t>\n\t\t\t<svg xmlns=\"http:\/\/www.w3.org\/2000\/svg\" width=\"12\" height=\"12\" fill=\"none\" viewBox=\"0 0 12 12\">\n\t\t\t\t<path fill=\"#fff\" d=\"M2 0a2 2 0 0 0-2 2v2h1.5V2a.5.5 0 0 1 .5-.5h2V0H2Zm2 10.5H2a.5.5 0 0 1-.5-.5V8H0v2a2 2 0 0 0 2 2h2v-1.5ZM8 12v-1.5h2a.5.5 0 0 0 .5-.5V8H12v2a2 2 0 0 1-2 2H8Zm2-12a2 2 0 0 1 2 2v2h-1.5V2a.5.5 0 0 0-.5-.5H8V0h2Z\" \/>\n\t\t\t<\/svg>\n\t\t<\/button><\/figure>\n<\/figure>\n\n\n\n<hr class=\"wp-block-separator has-alpha-channel-opacity\"\/>\n\n\n\n<p class=\"has-small-font-size\">A 3\u00aa Regata Sergipe Bahia bateu record de inscritos em rela\u00e7\u00e3o \u00e0s edi\u00e7\u00f5es anteriores, com 34 veleiros de 08 estados, e mais de 160 velejadores e velejadoras embarcados, navegando pelo trecho de litoral entre Aracaju e Salvador. <strong>O novo Fita Azul e recordista de tempo da RESEBA \u00e9 agora o veleiro Adrenalina Pura, de Pernambuco.<\/strong><\/p>\n\n\n\n<p class=\"has-small-font-size\">A Comiss\u00e3o de Regatas foi formada por Marione Mac\u00e1rio (Gerente de Regatas) e Ivan C\u00e2ndido (Juiz de Regata), que cobriram a largada (SE) e a chegada (BA) com grande profissionalismo.<\/p>\n\n\n<h3 class=\"wp-block-post-title\">Resultados de 2025<\/h3>\n\n\n<div data-wp-interactive=\"core\/file\" class=\"wp-block-file\"><object data-wp-bind--hidden=\"!state.hasPdfPreview\" hidden class=\"wp-block-file__embed\" data=\"https:\/\/sergipebahia.com.br\/wordpress\/wp-content\/uploads\/2025\/11\/Resultado-Final-por-Classe.pdf\" type=\"application\/pdf\" style=\"width:100%;height:600px\" aria-label=\"Embed of Resultado Final por Classe.\"><\/object><a id=\"wp-block-file--media-019a4899-2dbd-433e-8e7c-112c5e42520c\" href=\"https:\/\/sergipebahia.com.br\/wordpress\/wp-content\/uploads\/2025\/11\/Resultado-Final-por-Classe.pdf\">Resultado Final por Classe<\/a><a href=\"https:\/\/sergipebahia.com.br\/wordpress\/wp-content\/uploads\/2025\/11\/Resultado-Final-por-Classe.pdf\" class=\"wp-block-file__button wp-element-button\" download aria-describedby=\"wp-block-file--media-019a4899-2dbd-433e-8e7c-112c5e42520c\">Download<\/a><\/div>\n","protected":false},"excerpt":{"rendered":"<p>Ordem geral de chegada e resultado por classe na edi\u00e7\u00e3o de 2025 da RESEBA. A 3\u00aa Regata Sergipe Bahia bateu record de inscritos em rela\u00e7\u00e3o \u00e0s edi\u00e7\u00f5es anteriores, com 34 veleiros de 08 estados, e mais de 160 velejadores e velejadoras embarcados, navegando pelo trecho de litoral entre Aracaju e Salvador. O novo Fita Azul [&hellip;]<\/p>\n","protected":false},"author":1,"featured_media":0,"parent":0,"menu_order":3,"comment_status":"closed","ping_status":"closed","template":"","meta":{"footnotes":""},"class_list":["post-16","page","type-page","status-publish","hentry"],"_links":{"self":[{"href":"https:\/\/sergipebahia.com.br\/wordpress\/index.php\/wp-json\/wp\/v2\/pages\/16","targetHints":{"allow":["GET"]}}],"collection":[{"href":"https:\/\/sergipebahia.com.br\/wordpress\/index.php\/wp-json\/wp\/v2\/pages"}],"about":[{"href":"https:\/\/sergipebahia.com.br\/wordpress\/index.php\/wp-json\/wp\/v2\/types\/page"}],"author":[{"embeddable":true,"href":"https:\/\/sergipebahia.com.br\/wordpress\/index.php\/wp-json\/wp\/v2\/users\/1"}],"replies":[{"embeddable":true,"href":"https:\/\/sergipebahia.com.br\/wordpress\/index.php\/wp-json\/wp\/v2\/comments?post=16"}],"version-history":[{"count":6,"href":"https:\/\/sergipebahia.com.br\/wordpress\/index.php\/wp-json\/wp\/v2\/pages\/16\/revisions"}],"predecessor-version":[{"id":403,"href":"https:\/\/sergipebahia.com.br\/wordpress\/index.php\/wp-json\/wp\/v2\/pages\/16\/revisions\/403"}],"wp:attachment":[{"href":"https:\/\/sergipebahia.com.br\/wordpress\/index.php\/wp-json\/wp\/v2\/media?parent=16"}],"curies":[{"name":"wp","href":"https:\/\/api.w.org\/{rel}","templated":true}]}}