{"id":393,"date":"2025-11-05T14:02:10","date_gmt":"2025-11-05T17:02:10","guid":{"rendered":"https:\/\/sergipebahia.com.br\/wordpress\/?page_id=393"},"modified":"2025-12-24T10:21:33","modified_gmt":"2025-12-24T13:21:33","slug":"fotos-e-filmes","status":"publish","type":"page","link":"https:\/\/sergipebahia.com.br\/wordpress\/index.php\/fotos-e-filmes\/","title":{"rendered":"Fotos e Filmes"},"content":{"rendered":"\n<p>Confira os registros da 3\u00aa Edi\u00e7\u00e3o da Regata Sergipe Bahia, pelas lentes de M\u00e1rcio Dantas (SE) e Arthuro (SE), e Andr\u00e9 Cowboy (BA).<\/p>\n\n\n\n<figure class=\"wp-block-gallery has-nested-images columns-default is-cropped wp-block-gallery-1 is-layout-flex wp-block-gallery-is-layout-flex\"><\/figure>\n\n\n\n<figure class=\"wp-block-embed is-type-video is-provider-youtube wp-block-embed-youtube wp-embed-aspect-16-9 wp-has-aspect-ratio\"><div class=\"wp-block-embed__wrapper\">\n<iframe loading=\"lazy\" title=\"3\u00aa Regata Sergipe Bahia - Filme Oficial\" width=\"500\" height=\"281\" src=\"https:\/\/www.youtube.com\/embed\/7fXI-u-sgQY?feature=oembed\" frameborder=\"0\" allow=\"accelerometer; autoplay; clipboard-write; encrypted-media; gyroscope; picture-in-picture; web-share\" referrerpolicy=\"strict-origin-when-cross-origin\" allowfullscreen><\/iframe>\n<\/div><\/figure>\n\n\n\n<div class=\"wp-block-media-text is-stacked-on-mobile\"><figure class=\"wp-block-media-text__media\"><a href=\"https:\/\/drive.google.com\/drive\/folders\/1XqLNXe9WZwh7-biHD16wB1BgwFUsvm35\"><img loading=\"lazy\" decoding=\"async\" width=\"1024\" height=\"576\" src=\"https:\/\/sergipebahia.com.br\/wordpress\/wp-content\/uploads\/2025\/11\/DJI_20251025161033_0013_D-Lancamento-baixa-1024x576.jpg\" alt=\"\" class=\"wp-image-408 size-full\" srcset=\"https:\/\/sergipebahia.com.br\/wordpress\/wp-content\/uploads\/2025\/11\/DJI_20251025161033_0013_D-Lancamento-baixa-1024x576.jpg 1024w, https:\/\/sergipebahia.com.br\/wordpress\/wp-content\/uploads\/2025\/11\/DJI_20251025161033_0013_D-Lancamento-baixa-300x169.jpg 300w, https:\/\/sergipebahia.com.br\/wordpress\/wp-content\/uploads\/2025\/11\/DJI_20251025161033_0013_D-Lancamento-baixa-768x432.jpg 768w, https:\/\/sergipebahia.com.br\/wordpress\/wp-content\/uploads\/2025\/11\/DJI_20251025161033_0013_D-Lancamento-baixa-1536x864.jpg 1536w, https:\/\/sergipebahia.com.br\/wordpress\/wp-content\/uploads\/2025\/11\/DJI_20251025161033_0013_D-Lancamento-baixa-2048x1152.jpg 2048w\" sizes=\"auto, (max-width: 1024px) 100vw, 1024px\" \/><\/a><\/figure><div class=\"wp-block-media-text__content\">\n<p><strong><a href=\"https:\/\/drive.google.com\/drive\/folders\/1XqLNXe9WZwh7-biHD16wB1BgwFUsvm35\">Lan\u00e7amento 25 de outubro (SE)<\/a><\/strong><\/p>\n\n\n\n<p class=\"has-small-font-size\">Fotos e filmes registrados pelos fot\u00f3grafos M\u00e1rcio Dantas e Arthuro, de Sergipe.<\/p>\n<\/div><\/div>\n\n\n\n<div class=\"wp-block-media-text is-stacked-on-mobile is-vertically-aligned-top\"><figure class=\"wp-block-media-text__media\"><a href=\"https:\/\/drive.google.com\/drive\/folders\/1CgLkb5PSd3SSs4KVIpR4y7FnyafgiUKf\"><img loading=\"lazy\" decoding=\"async\" width=\"1024\" height=\"683\" src=\"https:\/\/sergipebahia.com.br\/wordpress\/wp-content\/uploads\/2025\/11\/IMG_8414-Atitude-Baixa-1024x683.jpg\" alt=\"\" class=\"wp-image-406 size-full\" srcset=\"https:\/\/sergipebahia.com.br\/wordpress\/wp-content\/uploads\/2025\/11\/IMG_8414-Atitude-Baixa-1024x683.jpg 1024w, https:\/\/sergipebahia.com.br\/wordpress\/wp-content\/uploads\/2025\/11\/IMG_8414-Atitude-Baixa-300x200.jpg 300w, https:\/\/sergipebahia.com.br\/wordpress\/wp-content\/uploads\/2025\/11\/IMG_8414-Atitude-Baixa-768x512.jpg 768w, https:\/\/sergipebahia.com.br\/wordpress\/wp-content\/uploads\/2025\/11\/IMG_8414-Atitude-Baixa-1536x1024.jpg 1536w, https:\/\/sergipebahia.com.br\/wordpress\/wp-content\/uploads\/2025\/11\/IMG_8414-Atitude-Baixa.jpg 1800w\" sizes=\"auto, (max-width: 1024px) 100vw, 1024px\" \/><\/a><\/figure><div class=\"wp-block-media-text__content\">\n<p><strong><a href=\"https:\/\/drive.google.com\/drive\/folders\/1CgLkb5PSd3SSs4KVIpR4y7FnyafgiUKf\">Largada 31 de outubro (SE)<\/a><\/strong><\/p>\n\n\n\n<p class=\"has-small-font-size\">Fotos e filmes registrados pelos fot\u00f3grafos M\u00e1rcio Dantas e Arthur, de Sergipe.<\/p>\n<\/div><\/div>\n\n\n\n<div class=\"wp-block-media-text is-stacked-on-mobile is-vertically-aligned-top\"><figure class=\"wp-block-media-text__media\"><a href=\"https:\/\/www.flickr.com\/photos\/196785696@N05\/albums\/72177720330071605\/\"><img loading=\"lazy\" decoding=\"async\" width=\"799\" height=\"533\" src=\"https:\/\/sergipebahia.com.br\/wordpress\/wp-content\/uploads\/2025\/11\/54899209028_6b65b6e8fa_c.jpg\" alt=\"\" class=\"wp-image-409 size-full\" srcset=\"https:\/\/sergipebahia.com.br\/wordpress\/wp-content\/uploads\/2025\/11\/54899209028_6b65b6e8fa_c.jpg 799w, https:\/\/sergipebahia.com.br\/wordpress\/wp-content\/uploads\/2025\/11\/54899209028_6b65b6e8fa_c-300x200.jpg 300w, https:\/\/sergipebahia.com.br\/wordpress\/wp-content\/uploads\/2025\/11\/54899209028_6b65b6e8fa_c-768x512.jpg 768w\" sizes=\"auto, (max-width: 799px) 100vw, 799px\" \/><\/a><\/figure><div class=\"wp-block-media-text__content\">\n<p><strong><a href=\"https:\/\/www.flickr.com\/photos\/196785696@N05\/albums\/72177720330071605\/\">Chegada e Premia\u00e7\u00e3o 01 e 02 de novembro (BA)<\/a><\/strong><\/p>\n\n\n\n<p class=\"has-small-font-size\">Fotos e filmes registrados pelo fot\u00f3grafo Andr\u00e9 Cowboy.<\/p>\n<\/div><\/div>\n\n\n\n<p><\/p>\n","protected":false},"excerpt":{"rendered":"<p>Confira os registros da 3\u00aa Edi\u00e7\u00e3o da Regata Sergipe Bahia, pelas lentes de M\u00e1rcio Dantas (SE) e Arthuro (SE), e Andr\u00e9 Cowboy (BA). Lan\u00e7amento 25 de outubro (SE) Fotos e filmes registrados pelos fot\u00f3grafos M\u00e1rcio Dantas e Arthuro, de Sergipe. Largada 31 de outubro (SE) Fotos e filmes registrados pelos fot\u00f3grafos M\u00e1rcio Dantas e Arthur, [&hellip;]<\/p>\n","protected":false},"author":2,"featured_media":0,"parent":0,"menu_order":0,"comment_status":"closed","ping_status":"closed","template":"","meta":{"footnotes":""},"class_list":["post-393","page","type-page","status-publish","hentry"],"_links":{"self":[{"href":"https:\/\/sergipebahia.com.br\/wordpress\/index.php\/wp-json\/wp\/v2\/pages\/393","targetHints":{"allow":["GET"]}}],"collection":[{"href":"https:\/\/sergipebahia.com.br\/wordpress\/index.php\/wp-json\/wp\/v2\/pages"}],"about":[{"href":"https:\/\/sergipebahia.com.br\/wordpress\/index.php\/wp-json\/wp\/v2\/types\/page"}],"author":[{"embeddable":true,"href":"https:\/\/sergipebahia.com.br\/wordpress\/index.php\/wp-json\/wp\/v2\/users\/2"}],"replies":[{"embeddable":true,"href":"https:\/\/sergipebahia.com.br\/wordpress\/index.php\/wp-json\/wp\/v2\/comments?post=393"}],"version-history":[{"count":7,"href":"https:\/\/sergipebahia.com.br\/wordpress\/index.php\/wp-json\/wp\/v2\/pages\/393\/revisions"}],"predecessor-version":[{"id":414,"href":"https:\/\/sergipebahia.com.br\/wordpress\/index.php\/wp-json\/wp\/v2\/pages\/393\/revisions\/414"}],"wp:attachment":[{"href":"https:\/\/sergipebahia.com.br\/wordpress\/index.php\/wp-json\/wp\/v2\/media?parent=393"}],"curies":[{"name":"wp","href":"https:\/\/api.w.org\/{rel}","templated":true}]}}